{"id":65,"date":"2024-09-28T09:19:49","date_gmt":"2024-09-28T09:19:49","guid":{"rendered":"https:\/\/www.communitiesforhorses.org\/cymraeg\/?page_id=65"},"modified":"2024-09-28T09:19:49","modified_gmt":"2024-09-28T09:19:49","slug":"cwrdd-ar-tim","status":"publish","type":"page","link":"https:\/\/www.communitiesforhorses.org\/cymraeg\/cwrdd-ar-tim\/","title":{"rendered":"Cwrdd \u00e2&#8217;r T\u00eem"},"content":{"rendered":"<h3>Cwrdd \u00e2 th\u00eem Communities For Horses<\/h3>\n<p>Mae Communities For Horses yn cael ei redeg gan d\u00eem o wirfoddolwyr ymroddgar. Mae&#8217;r elusen yn cael ei goruchwylio gan fwrdd o ymddiriedolwyr ymroddgar, pob un ag angerdd dros les anifeiliaid, addysg a datblygu cymunedol. <\/p>\n<p>&nbsp;<\/p>\n<hr>\n<p>&nbsp;<\/p>\n<h3>Ana Rose<\/h3>\n<p><img loading=\"lazy\" decoding=\"async\" src=\"https:\/\/www.communitiesforhorses.org\/wp-content\/uploads\/2023\/08\/Team-Ana.jpg\" alt=\"Ana\" width=\"800\" height=\"800\" class=\"alignright size-full wp-image-71\" style=\"width: 280px;height: auto;max-width: 44%;margin-bottom: 20px\" \/>Dwi&#8217;n arbenigwr mewn Perthnasoedd Buddsoddi a Chyfathrebu. Dwi hefyd wedi bod yn helpu Elusennau fel gwirfoddolwr gyda&#8217;u strategaethau cyfathrebu a chodi arian, a dyna sut y des i wybod am Communities For Horses a&#8217;r gwaith arloesol maen nhw&#8217;n ei wneud. <\/p>\n<p>Gyda fy mhrofiad yn gweithio gydag elusennau sy&#8217;n helpu plant a phobl ifanc mewn ardaloedd difreintiedig ynghyd \u00e2 nghariad at anifeiliaid, mae Communities For Horses yn berffaith i mi. Hyderaf y byddwn yn cael effaith gadarnhaol yn Abertawe a thu hwnt. <\/p>\n<div style=\"clear: both\"><\/div>\n<p>&nbsp;<\/p>\n<hr>\n<p>&nbsp;<\/p>\n<h3>Joanna Hockenhull<\/h3>\n<p><img loading=\"lazy\" decoding=\"async\" src=\"https:\/\/www.communitiesforhorses.org\/wp-content\/uploads\/2023\/08\/Team-Joh.jpg\" alt=\"Joanna\" width=\"800\" height=\"800\" class=\"alignright size-full wp-image-72\" style=\"width: 280px;height: auto;max-width: 44%;margin-bottom: 20px\" \/>Gwyddonydd ymddygiad anifeiliaid ac ymchwil i les anifeiliaid ydw i ac mae gen i radd MSc mewn Ymddygiad a Lles Anifeiliaid a PhD ar les ceffylau hamdden yn y DU. Mae fy ymchwil wedi bod yn bennaf ar geffylau a da byw sy&#8217;n cael eu ffermio, gyda ffocws penodol ar ddylanwad canfyddiadau ac agweddau pobl ar wneud penderfyniadau a lles. Ers i mi ddod i&#8217;r sylweddoliad fod newid ymddygiad pobl yn allweddol i wella lles anifeiliaid, rydw i wedi cymryd rhan yn gynyddol mewn ymchwil i newid ymddygiad pobl a dwi&#8217;n aelod o&#8217;r t\u00eem arbenigol Human Behaviour Change for Life.  <\/p>\n<p>Mae gen i Gob Gwyddelig, Oscar, ar fenthyg rhannol ers iddo gyrraedd ein iard yn 4 oed ac yn goesau i gyd, ac mae&#8217;n fy nghadw ar y trywydd iawn gyda phopeth sy&#8217;n ymwneud \u00e2 cheffylau. Fe glywais i am waith anhygoel CFH pan fu Lisa&#8217;n siarad amdano mewn cynhadledd roeddwn i&#8217;n ei fynychu, ac fe gafodd argraff enfawr arna&#8217; i. Dwi&#8217;n teimlo mor gyffrous i gael fy mhenodi&#8217;n ymddiriedolwr a bod yn rhan o&#8217;r elusen rhagweithiol hon wrth iddi barhau a datblygu ei gwaith anhygoel gyda chymunedau lleol a&#8217;u ceffylau. <\/p>\n<div style=\"clear: both\"><\/div>\n<p>&nbsp;<\/p>\n<hr>\n<p>&nbsp;<\/p>\n<h3>Marie Rowland<\/h3>\n<p><img loading=\"lazy\" decoding=\"async\" src=\"https:\/\/www.communitiesforhorses.org\/wp-content\/uploads\/2023\/11\/About-Marie-Rowland.jpg\" alt=\"Marie-Rowland\" width=\"800\" height=\"800\" class=\"alignright size-full wp-image-354\" style=\"width: 280px;height: auto;max-width: 44%;margin-bottom: 20px\" \/>Fe raddiais gyda PhD mewn Gwyddor Milfeddygol o Brifysgol Caeredin. Pwnc fy nhraethawd PhD oedd lles ceffylau sy&#8217;n eiddo i&#8217;r gymuned Sipsi, Roma a Theithwyr (GRT) yn y DU ac Iwerddon. Fe wnes i hefyd gwblhau MSc mewn Ymddygiad a Lles Anifeiliaid. Cyn hynny bues i&#8217;n gweithio gyda Theithwyr oedd yn berchenogion ceffylau ac oedd yn un o sefydlwyr y Shannon Horse Project yng Ngorllewin Iwerddon. Cafodd y prosiect yma ei sefydlu yn 2010 yn dilyn trafodaethau ar brydlesu tir rhwng Teithwyr oedd yn berchenogion ceffylau a&#8217;r Awdurdod Lleol. Cafodd nifer o gyrsiau perthnasol eu trefnu i weithio tuag at well iechyd a lles ceffylau, cyrsiau megis sgiliau ffarier, sgorio cyflwr corff a maetheg. <\/p>\n<p>Fe glywais i am Communities For Horses am y tro cyntaf mewn Clinig Iechyd Ceffylau lle roeddwn i&#8217;n casglu data ar gyfer fy mhrosiect PhD. Roedd clywed am y gwaith y mae&#8217;r sefydliad bach yma&#8217;n ei wneud wedi creu argraff arna i ac roeddwn wedi fy nenu&#8217;n arbennig gan y dull heb farnu y mae CFH yn ei gymryd. Dwi&#8217;n edrych ymlaen at fod yn rhan o&#8217;r elusen hon wrth iddyn nhw barhau i adeiladu ar y gwaith da sydd eisoes wedi&#8217;i gyflawni. <\/p>\n","protected":false},"excerpt":{"rendered":"<p>Cwrdd \u00e2 th\u00eem Communities For Horses Mae Communities For Horses yn cael ei redeg gan d\u00eem o wirfoddolwyr ymroddgar. Mae&#8217;r elusen yn cael ei goruchwylio gan fwrdd o ymddiriedolwyr ymroddgar, pob un<a class=\"moretag\" href=\"https:\/\/www.communitiesforhorses.org\/cymraeg\/cwrdd-ar-tim\/\">Read More&#8230;<\/a><\/p>\n","protected":false},"author":6,"featured_media":0,"parent":0,"menu_order":0,"comment_status":"closed","ping_status":"closed","template":"","meta":{"footnotes":""},"class_list":["post-65","page","type-page","status-publish","hentry"],"rttpg_featured_image_url":null,"rttpg_author":{"display_name":"CFH Editor","author_link":"https:\/\/www.communitiesforhorses.org\/cymraeg\/author\/editor\/"},"rttpg_comment":0,"rttpg_category":null,"rttpg_excerpt":"Cwrdd \u00e2 th\u00eem Communities For Horses Mae Communities For Horses yn cael ei redeg gan d\u00eem o wirfoddolwyr ymroddgar. Mae&#8217;r elusen yn cael ei goruchwylio gan fwrdd o ymddiriedolwyr ymroddgar, pob unRead More...","_links":{"self":[{"href":"https:\/\/www.communitiesforhorses.org\/cymraeg\/wp-json\/wp\/v2\/pages\/65","targetHints":{"allow":["GET"]}}],"collection":[{"href":"https:\/\/www.communitiesforhorses.org\/cymraeg\/wp-json\/wp\/v2\/pages"}],"about":[{"href":"https:\/\/www.communitiesforhorses.org\/cymraeg\/wp-json\/wp\/v2\/types\/page"}],"author":[{"embeddable":true,"href":"https:\/\/www.communitiesforhorses.org\/cymraeg\/wp-json\/wp\/v2\/users\/6"}],"replies":[{"embeddable":true,"href":"https:\/\/www.communitiesforhorses.org\/cymraeg\/wp-json\/wp\/v2\/comments?post=65"}],"version-history":[{"count":3,"href":"https:\/\/www.communitiesforhorses.org\/cymraeg\/wp-json\/wp\/v2\/pages\/65\/revisions"}],"predecessor-version":[{"id":96,"href":"https:\/\/www.communitiesforhorses.org\/cymraeg\/wp-json\/wp\/v2\/pages\/65\/revisions\/96"}],"wp:attachment":[{"href":"https:\/\/www.communitiesforhorses.org\/cymraeg\/wp-json\/wp\/v2\/media?parent=65"}],"curies":[{"name":"wp","href":"https:\/\/api.w.org\/{rel}","templated":true}]}}